{"id":120,"date":"2020-09-09T13:13:29","date_gmt":"2020-09-09T13:13:29","guid":{"rendered":"http:\/\/suelenflores.com.br\/?page_id=120"},"modified":"2020-11-20T14:37:46","modified_gmt":"2020-11-20T14:37:46","slug":"certificacoes","status":"publish","type":"page","link":"https:\/\/suelenflores.com.br\/?page_id=120","title":{"rendered":"Certifica\u00e7\u00f5es"},"content":{"rendered":"\n<figure class=\"wp-block-image size-large\"><img data-recalc-dims=\"1\" fetchpriority=\"high\" decoding=\"async\" width=\"640\" height=\"573\" src=\"https:\/\/i0.wp.com\/suelenflores.com.br\/wp-content\/uploads\/2020\/09\/certi.jpg?resize=640%2C573\" alt=\"\" class=\"wp-image-122\" srcset=\"https:\/\/i0.wp.com\/suelenflores.com.br\/wp-content\/uploads\/2020\/09\/certi.jpg?w=858&amp;ssl=1 858w, https:\/\/i0.wp.com\/suelenflores.com.br\/wp-content\/uploads\/2020\/09\/certi.jpg?resize=300%2C269&amp;ssl=1 300w, https:\/\/i0.wp.com\/suelenflores.com.br\/wp-content\/uploads\/2020\/09\/certi.jpg?resize=768%2C687&amp;ssl=1 768w, https:\/\/i0.wp.com\/suelenflores.com.br\/wp-content\/uploads\/2020\/09\/certi.jpg?resize=302%2C270&amp;ssl=1 302w\" sizes=\"(max-width: 640px) 100vw, 640px\" \/><\/figure>\n\n\n\n<figure class=\"wp-block-image size-large\"><img data-recalc-dims=\"1\" decoding=\"async\" width=\"640\" height=\"640\" src=\"https:\/\/i0.wp.com\/suelenflores.com.br\/wp-content\/uploads\/2020\/09\/certi-2.jpg?resize=640%2C640\" alt=\"\" class=\"wp-image-121\" srcset=\"https:\/\/i0.wp.com\/suelenflores.com.br\/wp-content\/uploads\/2020\/09\/certi-2.jpg?w=960&amp;ssl=1 960w, https:\/\/i0.wp.com\/suelenflores.com.br\/wp-content\/uploads\/2020\/09\/certi-2.jpg?resize=300%2C300&amp;ssl=1 300w, https:\/\/i0.wp.com\/suelenflores.com.br\/wp-content\/uploads\/2020\/09\/certi-2.jpg?resize=150%2C150&amp;ssl=1 150w, https:\/\/i0.wp.com\/suelenflores.com.br\/wp-content\/uploads\/2020\/09\/certi-2.jpg?resize=768%2C768&amp;ssl=1 768w, https:\/\/i0.wp.com\/suelenflores.com.br\/wp-content\/uploads\/2020\/09\/certi-2.jpg?resize=270%2C270&amp;ssl=1 270w\" sizes=\"(max-width: 640px) 100vw, 640px\" \/><\/figure>\n\n\n\n<figure class=\"wp-block-image size-large\"><img data-recalc-dims=\"1\" decoding=\"async\" width=\"640\" height=\"462\" src=\"https:\/\/i0.wp.com\/suelenflores.com.br\/wp-content\/uploads\/2020\/11\/Declaracao_de_Conclusao_Coaching_e_Mentoring-09-20_FLORES-1024x739.jpg?resize=640%2C462&#038;ssl=1\" alt=\"\" class=\"wp-image-245\" srcset=\"https:\/\/i0.wp.com\/suelenflores.com.br\/wp-content\/uploads\/2020\/11\/Declaracao_de_Conclusao_Coaching_e_Mentoring-09-20_FLORES-scaled.jpg?resize=1024%2C739&amp;ssl=1 1024w, https:\/\/i0.wp.com\/suelenflores.com.br\/wp-content\/uploads\/2020\/11\/Declaracao_de_Conclusao_Coaching_e_Mentoring-09-20_FLORES-scaled.jpg?resize=300%2C217&amp;ssl=1 300w, https:\/\/i0.wp.com\/suelenflores.com.br\/wp-content\/uploads\/2020\/11\/Declaracao_de_Conclusao_Coaching_e_Mentoring-09-20_FLORES-scaled.jpg?resize=768%2C554&amp;ssl=1 768w, https:\/\/i0.wp.com\/suelenflores.com.br\/wp-content\/uploads\/2020\/11\/Declaracao_de_Conclusao_Coaching_e_Mentoring-09-20_FLORES-scaled.jpg?resize=1536%2C1109&amp;ssl=1 1536w, https:\/\/i0.wp.com\/suelenflores.com.br\/wp-content\/uploads\/2020\/11\/Declaracao_de_Conclusao_Coaching_e_Mentoring-09-20_FLORES-scaled.jpg?resize=2048%2C1478&amp;ssl=1 2048w, https:\/\/i0.wp.com\/suelenflores.com.br\/wp-content\/uploads\/2020\/11\/Declaracao_de_Conclusao_Coaching_e_Mentoring-09-20_FLORES-scaled.jpg?resize=374%2C270&amp;ssl=1 374w, https:\/\/i0.wp.com\/suelenflores.com.br\/wp-content\/uploads\/2020\/11\/Declaracao_de_Conclusao_Coaching_e_Mentoring-09-20_FLORES-scaled.jpg?w=1280 1280w, https:\/\/i0.wp.com\/suelenflores.com.br\/wp-content\/uploads\/2020\/11\/Declaracao_de_Conclusao_Coaching_e_Mentoring-09-20_FLORES-scaled.jpg?w=1920 1920w\" sizes=\"(max-width: 640px) 100vw, 640px\" \/><\/figure>\n","protected":false},"excerpt":{"rendered":"","protected":false},"author":1,"featured_media":0,"parent":0,"menu_order":0,"comment_status":"closed","ping_status":"closed","template":"","meta":{"footnotes":""},"class_list":["post-120","page","type-page","status-publish","hentry"],"yoast_head":"<!-- This site is optimized with the Yoast SEO plugin v27.5 - https:\/\/yoast.com\/product\/yoast-seo-wordpress\/ -->\n<title>Certifica\u00e7\u00f5es &#8902; P\u00e1gina Inicial<\/title>\n<meta name=\"robots\" content=\"index, follow, max-snippet:-1, max-image-preview:large, max-video-preview:-1\" \/>\n<link rel=\"canonical\" href=\"https:\/\/suelenflores.com.br\/?page_id=120\" \/>\n<meta property=\"og:locale\" content=\"pt_BR\" \/>\n<meta property=\"og:type\" content=\"article\" \/>\n<meta property=\"og:title\" content=\"Certifica\u00e7\u00f5es &#8902; P\u00e1gina Inicial\" \/>\n<meta property=\"og:url\" content=\"https:\/\/suelenflores.com.br\/?page_id=120\" \/>\n<meta property=\"og:site_name\" content=\"P\u00e1gina Inicial\" \/>\n<meta property=\"article:modified_time\" content=\"2020-11-20T14:37:46+00:00\" \/>\n<meta property=\"og:image\" content=\"http:\/\/suelenflores.com.br\/wp-content\/uploads\/2020\/09\/certi.jpg\" \/>\n<meta name=\"twitter:card\" content=\"summary_large_image\" \/>\n<script type=\"application\/ld+json\" class=\"yoast-schema-graph\">{\"@context\":\"https:\\\/\\\/schema.org\",\"@graph\":[{\"@type\":\"WebPage\",\"@id\":\"https:\\\/\\\/suelenflores.com.br\\\/?page_id=120\",\"url\":\"https:\\\/\\\/suelenflores.com.br\\\/?page_id=120\",\"name\":\"Certifica\u00e7\u00f5es &#8902; P\u00e1gina Inicial\",\"isPartOf\":{\"@id\":\"http:\\\/\\\/suelenflores.com.br\\\/#website\"},\"primaryImageOfPage\":{\"@id\":\"https:\\\/\\\/suelenflores.com.br\\\/?page_id=120#primaryimage\"},\"image\":{\"@id\":\"https:\\\/\\\/suelenflores.com.br\\\/?page_id=120#primaryimage\"},\"thumbnailUrl\":\"http:\\\/\\\/suelenflores.com.br\\\/wp-content\\\/uploads\\\/2020\\\/09\\\/certi.jpg\",\"datePublished\":\"2020-09-09T13:13:29+00:00\",\"dateModified\":\"2020-11-20T14:37:46+00:00\",\"breadcrumb\":{\"@id\":\"https:\\\/\\\/suelenflores.com.br\\\/?page_id=120#breadcrumb\"},\"inLanguage\":\"pt-BR\",\"potentialAction\":[{\"@type\":\"ReadAction\",\"target\":[\"https:\\\/\\\/suelenflores.com.br\\\/?page_id=120\"]}]},{\"@type\":\"ImageObject\",\"inLanguage\":\"pt-BR\",\"@id\":\"https:\\\/\\\/suelenflores.com.br\\\/?page_id=120#primaryimage\",\"url\":\"https:\\\/\\\/i0.wp.com\\\/suelenflores.com.br\\\/wp-content\\\/uploads\\\/2020\\\/09\\\/certi.jpg?fit=858%2C768&ssl=1\",\"contentUrl\":\"https:\\\/\\\/i0.wp.com\\\/suelenflores.com.br\\\/wp-content\\\/uploads\\\/2020\\\/09\\\/certi.jpg?fit=858%2C768&ssl=1\",\"width\":858,\"height\":768},{\"@type\":\"BreadcrumbList\",\"@id\":\"https:\\\/\\\/suelenflores.com.br\\\/?page_id=120#breadcrumb\",\"itemListElement\":[{\"@type\":\"ListItem\",\"position\":1,\"name\":\"In\u00edcio\",\"item\":\"http:\\\/\\\/suelenflores.com.br\\\/\"},{\"@type\":\"ListItem\",\"position\":2,\"name\":\"Certifica\u00e7\u00f5es\"}]},{\"@type\":\"WebSite\",\"@id\":\"http:\\\/\\\/suelenflores.com.br\\\/#website\",\"url\":\"http:\\\/\\\/suelenflores.com.br\\\/\",\"name\":\"P\u00e1gina Inicial\",\"description\":\"Suelen Flores\\\/Coaching de Vida e Neg\u00f3cios\",\"publisher\":{\"@id\":\"http:\\\/\\\/suelenflores.com.br\\\/#\\\/schema\\\/person\\\/d251d5c5f7df00b074a25e58f55ca8a1\"},\"potentialAction\":[{\"@type\":\"SearchAction\",\"target\":{\"@type\":\"EntryPoint\",\"urlTemplate\":\"http:\\\/\\\/suelenflores.com.br\\\/?s={search_term_string}\"},\"query-input\":{\"@type\":\"PropertyValueSpecification\",\"valueRequired\":true,\"valueName\":\"search_term_string\"}}],\"inLanguage\":\"pt-BR\"},{\"@type\":[\"Person\",\"Organization\"],\"@id\":\"http:\\\/\\\/suelenflores.com.br\\\/#\\\/schema\\\/person\\\/d251d5c5f7df00b074a25e58f55ca8a1\",\"name\":\"Suelen Flores\",\"image\":{\"@type\":\"ImageObject\",\"inLanguage\":\"pt-BR\",\"@id\":\"https:\\\/\\\/secure.gravatar.com\\\/avatar\\\/153404a21ebcfb660460f164cef312d7cb571986c8b9fd28b4a04d8eaac41f58?s=96&d=mm&r=g\",\"url\":\"https:\\\/\\\/secure.gravatar.com\\\/avatar\\\/153404a21ebcfb660460f164cef312d7cb571986c8b9fd28b4a04d8eaac41f58?s=96&d=mm&r=g\",\"contentUrl\":\"https:\\\/\\\/secure.gravatar.com\\\/avatar\\\/153404a21ebcfb660460f164cef312d7cb571986c8b9fd28b4a04d8eaac41f58?s=96&d=mm&r=g\",\"caption\":\"Suelen Flores\"},\"logo\":{\"@id\":\"https:\\\/\\\/secure.gravatar.com\\\/avatar\\\/153404a21ebcfb660460f164cef312d7cb571986c8b9fd28b4a04d8eaac41f58?s=96&d=mm&r=g\"},\"sameAs\":[\"http:\\\/\\\/suelenflores.com.br\"]}]}<\/script>\n<!-- \/ Yoast SEO plugin. -->","yoast_head_json":{"title":"Certifica\u00e7\u00f5es &#8902; P\u00e1gina Inicial","robots":{"index":"index","follow":"follow","max-snippet":"max-snippet:-1","max-image-preview":"max-image-preview:large","max-video-preview":"max-video-preview:-1"},"canonical":"https:\/\/suelenflores.com.br\/?page_id=120","og_locale":"pt_BR","og_type":"article","og_title":"Certifica\u00e7\u00f5es &#8902; P\u00e1gina Inicial","og_url":"https:\/\/suelenflores.com.br\/?page_id=120","og_site_name":"P\u00e1gina Inicial","article_modified_time":"2020-11-20T14:37:46+00:00","og_image":[{"url":"http:\/\/suelenflores.com.br\/wp-content\/uploads\/2020\/09\/certi.jpg","type":"","width":"","height":""}],"twitter_card":"summary_large_image","schema":{"@context":"https:\/\/schema.org","@graph":[{"@type":"WebPage","@id":"https:\/\/suelenflores.com.br\/?page_id=120","url":"https:\/\/suelenflores.com.br\/?page_id=120","name":"Certifica\u00e7\u00f5es &#8902; P\u00e1gina Inicial","isPartOf":{"@id":"http:\/\/suelenflores.com.br\/#website"},"primaryImageOfPage":{"@id":"https:\/\/suelenflores.com.br\/?page_id=120#primaryimage"},"image":{"@id":"https:\/\/suelenflores.com.br\/?page_id=120#primaryimage"},"thumbnailUrl":"http:\/\/suelenflores.com.br\/wp-content\/uploads\/2020\/09\/certi.jpg","datePublished":"2020-09-09T13:13:29+00:00","dateModified":"2020-11-20T14:37:46+00:00","breadcrumb":{"@id":"https:\/\/suelenflores.com.br\/?page_id=120#breadcrumb"},"inLanguage":"pt-BR","potentialAction":[{"@type":"ReadAction","target":["https:\/\/suelenflores.com.br\/?page_id=120"]}]},{"@type":"ImageObject","inLanguage":"pt-BR","@id":"https:\/\/suelenflores.com.br\/?page_id=120#primaryimage","url":"https:\/\/i0.wp.com\/suelenflores.com.br\/wp-content\/uploads\/2020\/09\/certi.jpg?fit=858%2C768&ssl=1","contentUrl":"https:\/\/i0.wp.com\/suelenflores.com.br\/wp-content\/uploads\/2020\/09\/certi.jpg?fit=858%2C768&ssl=1","width":858,"height":768},{"@type":"BreadcrumbList","@id":"https:\/\/suelenflores.com.br\/?page_id=120#breadcrumb","itemListElement":[{"@type":"ListItem","position":1,"name":"In\u00edcio","item":"http:\/\/suelenflores.com.br\/"},{"@type":"ListItem","position":2,"name":"Certifica\u00e7\u00f5es"}]},{"@type":"WebSite","@id":"http:\/\/suelenflores.com.br\/#website","url":"http:\/\/suelenflores.com.br\/","name":"P\u00e1gina Inicial","description":"Suelen Flores\/Coaching de Vida e Neg\u00f3cios","publisher":{"@id":"http:\/\/suelenflores.com.br\/#\/schema\/person\/d251d5c5f7df00b074a25e58f55ca8a1"},"potentialAction":[{"@type":"SearchAction","target":{"@type":"EntryPoint","urlTemplate":"http:\/\/suelenflores.com.br\/?s={search_term_string}"},"query-input":{"@type":"PropertyValueSpecification","valueRequired":true,"valueName":"search_term_string"}}],"inLanguage":"pt-BR"},{"@type":["Person","Organization"],"@id":"http:\/\/suelenflores.com.br\/#\/schema\/person\/d251d5c5f7df00b074a25e58f55ca8a1","name":"Suelen Flores","image":{"@type":"ImageObject","inLanguage":"pt-BR","@id":"https:\/\/secure.gravatar.com\/avatar\/153404a21ebcfb660460f164cef312d7cb571986c8b9fd28b4a04d8eaac41f58?s=96&d=mm&r=g","url":"https:\/\/secure.gravatar.com\/avatar\/153404a21ebcfb660460f164cef312d7cb571986c8b9fd28b4a04d8eaac41f58?s=96&d=mm&r=g","contentUrl":"https:\/\/secure.gravatar.com\/avatar\/153404a21ebcfb660460f164cef312d7cb571986c8b9fd28b4a04d8eaac41f58?s=96&d=mm&r=g","caption":"Suelen Flores"},"logo":{"@id":"https:\/\/secure.gravatar.com\/avatar\/153404a21ebcfb660460f164cef312d7cb571986c8b9fd28b4a04d8eaac41f58?s=96&d=mm&r=g"},"sameAs":["http:\/\/suelenflores.com.br"]}]}},"jetpack_sharing_enabled":true,"_links":{"self":[{"href":"https:\/\/suelenflores.com.br\/index.php?rest_route=\/wp\/v2\/pages\/120","targetHints":{"allow":["GET"]}}],"collection":[{"href":"https:\/\/suelenflores.com.br\/index.php?rest_route=\/wp\/v2\/pages"}],"about":[{"href":"https:\/\/suelenflores.com.br\/index.php?rest_route=\/wp\/v2\/types\/page"}],"author":[{"embeddable":true,"href":"https:\/\/suelenflores.com.br\/index.php?rest_route=\/wp\/v2\/users\/1"}],"replies":[{"embeddable":true,"href":"https:\/\/suelenflores.com.br\/index.php?rest_route=%2Fwp%2Fv2%2Fcomments&post=120"}],"version-history":[{"count":2,"href":"https:\/\/suelenflores.com.br\/index.php?rest_route=\/wp\/v2\/pages\/120\/revisions"}],"predecessor-version":[{"id":246,"href":"https:\/\/suelenflores.com.br\/index.php?rest_route=\/wp\/v2\/pages\/120\/revisions\/246"}],"wp:attachment":[{"href":"https:\/\/suelenflores.com.br\/index.php?rest_route=%2Fwp%2Fv2%2Fmedia&parent=120"}],"curies":[{"name":"wp","href":"https:\/\/api.w.org\/{rel}","templated":true}]}}