{"id":56,"date":"2020-09-08T11:10:45","date_gmt":"2020-09-08T11:10:45","guid":{"rendered":"http:\/\/suelenflores.com.br\/?page_id=56"},"modified":"2020-09-09T12:51:36","modified_gmt":"2020-09-09T12:51:36","slug":"sobre","status":"publish","type":"page","link":"https:\/\/suelenflores.com.br\/?page_id=56","title":{"rendered":"Minha hist\u00f3ria"},"content":{"rendered":"\n<p>Desde os dez anos de idade fui apaixonada pelo esporte. Com esta idade j\u00e1 estava na escolinha de voleibol e, por volta dos 12 anos comecei a praticar t\u00eanis, durante toda a minha inf\u00e2ncia e juventude fui atleta de voleibol e t\u00eanis. Esta trajet\u00f3ria me levou a forma\u00e7\u00e3o inicial em Educa\u00e7\u00e3o F\u00edsica, onde descobri o desenvolvimento humano, a fisiologia, a anatomia, a pedagogia e tantas outras \u00e1reas, sendo que, o mais importante, foi aprender o gosto pelo conhecimento e, muito mais que isso, pelo conhecimento aplicado a pr\u00e1tica.<\/p>\n\n\n\n<figure class=\"wp-block-image size-large\"><img data-recalc-dims=\"1\" fetchpriority=\"high\" decoding=\"async\" width=\"640\" height=\"640\" src=\"https:\/\/i0.wp.com\/suelenflores.com.br\/wp-content\/uploads\/2020\/09\/mosaico-1.png?resize=640%2C640\" alt=\"\" class=\"wp-image-105\" srcset=\"https:\/\/i0.wp.com\/suelenflores.com.br\/wp-content\/uploads\/2020\/09\/mosaico-1.png?w=1000&amp;ssl=1 1000w, https:\/\/i0.wp.com\/suelenflores.com.br\/wp-content\/uploads\/2020\/09\/mosaico-1.png?resize=300%2C300&amp;ssl=1 300w, https:\/\/i0.wp.com\/suelenflores.com.br\/wp-content\/uploads\/2020\/09\/mosaico-1.png?resize=150%2C150&amp;ssl=1 150w, https:\/\/i0.wp.com\/suelenflores.com.br\/wp-content\/uploads\/2020\/09\/mosaico-1.png?resize=768%2C768&amp;ssl=1 768w, https:\/\/i0.wp.com\/suelenflores.com.br\/wp-content\/uploads\/2020\/09\/mosaico-1.png?resize=270%2C270&amp;ssl=1 270w\" sizes=\"(max-width: 640px) 100vw, 640px\" \/><\/figure>\n\n\n\n<p><\/p>\n\n\n\n<p>Durante a gradua\u00e7\u00e3o por cerca de tr\u00eas anos trabalhei no Instituto Guga Kuerten, o que ampliou meu horizonte de metodologias. Ao me formar retornei a minha cidade natal e fui contratada como professora curricular por uma escola Marista onde atuei por dois anos, fase em que tamb\u00e9m, me especializava em Psicopedagogia e ministrava aulas particulares de t\u00eanis. Como minha fam\u00edlia possu\u00eda neg\u00f3cios pr\u00f3prios optei por ingressar em uma das empresas, o Centro de Forma\u00e7\u00e3o de condutores JAT, onde exer\u00e7o a governan\u00e7a h\u00e1 13 anos e sou apaixonada por esta fun\u00e7\u00e3o.<\/p>\n\n\n\n<figure class=\"wp-block-image size-large\"><img data-recalc-dims=\"1\" decoding=\"async\" width=\"640\" height=\"640\" src=\"https:\/\/i0.wp.com\/suelenflores.com.br\/wp-content\/uploads\/2020\/09\/mosa-2.png?resize=640%2C640\" alt=\"\" class=\"wp-image-116\" srcset=\"https:\/\/i0.wp.com\/suelenflores.com.br\/wp-content\/uploads\/2020\/09\/mosa-2.png?w=1000&amp;ssl=1 1000w, https:\/\/i0.wp.com\/suelenflores.com.br\/wp-content\/uploads\/2020\/09\/mosa-2.png?resize=300%2C300&amp;ssl=1 300w, https:\/\/i0.wp.com\/suelenflores.com.br\/wp-content\/uploads\/2020\/09\/mosa-2.png?resize=150%2C150&amp;ssl=1 150w, https:\/\/i0.wp.com\/suelenflores.com.br\/wp-content\/uploads\/2020\/09\/mosa-2.png?resize=768%2C768&amp;ssl=1 768w, https:\/\/i0.wp.com\/suelenflores.com.br\/wp-content\/uploads\/2020\/09\/mosa-2.png?resize=270%2C270&amp;ssl=1 270w\" sizes=\"(max-width: 640px) 100vw, 640px\" \/><\/figure>\n\n\n\n<p><\/p>\n\n\n\n<p>Para que pudesse acessar o conhecimento na \u00e1rea de Gest\u00e3o logo no \u00ednicio desta jornada ingressei no MBA em Gest\u00e3o Empresarial da Funda\u00e7\u00e3o Get\u00falio Vargas, fundamental para mais uma expans\u00e3o de consci\u00eancia e momento de muito aprendizado, normalmente falo que nestes 13 anos ainda tenho muito a colocar em pr\u00e1tica do que aprendi no MBA. Concomitante com estas atividades, continuava sendo atleta de voleibol adulta e piloto de rally regularidade e velocidade.<\/p>\n\n\n\n<p>Durante o MBA conheci a Qualidade e os processos que faziam parte desta \u00e1rea e passei a fazer os cursos do PGQP\/RS participando do programa como avaliadora e com a empresa onde, dentre outros, conquistamos o pr\u00eamio de medalha em 2014. Neste processo de Gest\u00e3o o maior desafio sempre foi as pessoas e as finan\u00e7as, sendo que decidi investir nas pessoas, proporcionando oportunidades de melhorias na \u00e1rea profissional e pessoal, criando o setor da qualidade e, este, disseminando o aprendizado a todos os demais. Isto tudo, me levou a procurar a forma\u00e7\u00e3o em Coaching, o desejo e a paix\u00e3o de auxiliar as pessoas a se tornarem a sua melhor vers\u00e3o, sendo elas respons\u00e1veis e comandantes de suas jornadas e seus destinos.<\/p>\n\n\n\n<figure class=\"wp-block-image size-large\"><img data-recalc-dims=\"1\" decoding=\"async\" width=\"640\" height=\"320\" src=\"https:\/\/i0.wp.com\/suelenflores.com.br\/wp-content\/uploads\/2020\/09\/mosa5.png?resize=640%2C320\" alt=\"\" class=\"wp-image-118\" srcset=\"https:\/\/i0.wp.com\/suelenflores.com.br\/wp-content\/uploads\/2020\/09\/mosa5.png?w=1000&amp;ssl=1 1000w, https:\/\/i0.wp.com\/suelenflores.com.br\/wp-content\/uploads\/2020\/09\/mosa5.png?resize=300%2C150&amp;ssl=1 300w, https:\/\/i0.wp.com\/suelenflores.com.br\/wp-content\/uploads\/2020\/09\/mosa5.png?resize=768%2C384&amp;ssl=1 768w, https:\/\/i0.wp.com\/suelenflores.com.br\/wp-content\/uploads\/2020\/09\/mosa5.png?resize=540%2C270&amp;ssl=1 540w\" sizes=\"(max-width: 640px) 100vw, 640px\" \/><\/figure>\n\n\n\n<p><\/p>\n\n\n\n<p>H\u00e1 tr\u00eas anos atr\u00e1s descobri a bicicleta e o ciclismo e, hoje, meu exerc\u00edcio e minha terapia \u00e9 sobre duas rodas. Minha motiva\u00e7\u00e3o \u00e9 poder exercer no meu dia-a-dia o Coaching, \u00e9 levar o cliente ao encontro de suas respostas e de seu prop\u00f3sito.<\/p>\n\n\n\n<p><strong>O melhor da vida \u00e9 estar disposto a viver.<\/strong><\/p>\n\n\n\n<p><\/p>\n","protected":false},"excerpt":{"rendered":"<p>Desde os dez anos de idade fui apaixonada pelo esporte. Com esta idade j\u00e1 estava na escolinha de voleibol e, por volta dos 12 anos comecei a praticar t\u00eanis, durante toda a minha inf\u00e2ncia e juventude fui atleta de voleibol e t\u00eanis. Esta trajet\u00f3ria me levou a forma\u00e7\u00e3o inicial em Educa\u00e7\u00e3o F\u00edsica, onde descobri o &hellip; <\/p>\n<p class=\"read-more\"><a class=\"readmore-btn\" href=\"https:\/\/suelenflores.com.br\/?page_id=56\">+<span class=\"screen-reader-text\">  Read More<\/span><\/a><\/p>\n","protected":false},"author":1,"featured_media":0,"parent":0,"menu_order":0,"comment_status":"closed","ping_status":"closed","template":"","meta":{"footnotes":""},"class_list":["post-56","page","type-page","status-publish","hentry"],"yoast_head":"<!-- This site is optimized with the Yoast SEO plugin v27.5 - https:\/\/yoast.com\/product\/yoast-seo-wordpress\/ -->\n<title>Minha hist\u00f3ria &#8902; P\u00e1gina Inicial<\/title>\n<meta name=\"robots\" content=\"index, follow, max-snippet:-1, max-image-preview:large, max-video-preview:-1\" \/>\n<link rel=\"canonical\" href=\"https:\/\/suelenflores.com.br\/?page_id=56\" \/>\n<meta property=\"og:locale\" content=\"pt_BR\" \/>\n<meta property=\"og:type\" content=\"article\" \/>\n<meta property=\"og:title\" content=\"Minha hist\u00f3ria &#8902; P\u00e1gina Inicial\" \/>\n<meta property=\"og:description\" content=\"Desde os dez anos de idade fui apaixonada pelo esporte. Com esta idade j\u00e1 estava na escolinha de voleibol e, por volta dos 12 anos comecei a praticar t\u00eanis, durante toda a minha inf\u00e2ncia e juventude fui atleta de voleibol e t\u00eanis. Esta trajet\u00f3ria me levou a forma\u00e7\u00e3o inicial em Educa\u00e7\u00e3o F\u00edsica, onde descobri o &hellip; + Read More\" \/>\n<meta property=\"og:url\" content=\"https:\/\/suelenflores.com.br\/?page_id=56\" \/>\n<meta property=\"og:site_name\" content=\"P\u00e1gina Inicial\" \/>\n<meta property=\"article:modified_time\" content=\"2020-09-09T12:51:36+00:00\" \/>\n<meta property=\"og:image\" content=\"http:\/\/suelenflores.com.br\/wp-content\/uploads\/2020\/09\/mosaico-1.png\" \/>\n<meta name=\"twitter:card\" content=\"summary_large_image\" \/>\n<meta name=\"twitter:label1\" content=\"Est. tempo de leitura\" \/>\n\t<meta name=\"twitter:data1\" content=\"2 minutos\" \/>\n<script type=\"application\/ld+json\" class=\"yoast-schema-graph\">{\"@context\":\"https:\\\/\\\/schema.org\",\"@graph\":[{\"@type\":\"WebPage\",\"@id\":\"https:\\\/\\\/suelenflores.com.br\\\/?page_id=56\",\"url\":\"https:\\\/\\\/suelenflores.com.br\\\/?page_id=56\",\"name\":\"Minha hist\u00f3ria &#8902; P\u00e1gina Inicial\",\"isPartOf\":{\"@id\":\"http:\\\/\\\/suelenflores.com.br\\\/#website\"},\"primaryImageOfPage\":{\"@id\":\"https:\\\/\\\/suelenflores.com.br\\\/?page_id=56#primaryimage\"},\"image\":{\"@id\":\"https:\\\/\\\/suelenflores.com.br\\\/?page_id=56#primaryimage\"},\"thumbnailUrl\":\"http:\\\/\\\/suelenflores.com.br\\\/wp-content\\\/uploads\\\/2020\\\/09\\\/mosaico-1.png\",\"datePublished\":\"2020-09-08T11:10:45+00:00\",\"dateModified\":\"2020-09-09T12:51:36+00:00\",\"breadcrumb\":{\"@id\":\"https:\\\/\\\/suelenflores.com.br\\\/?page_id=56#breadcrumb\"},\"inLanguage\":\"pt-BR\",\"potentialAction\":[{\"@type\":\"ReadAction\",\"target\":[\"https:\\\/\\\/suelenflores.com.br\\\/?page_id=56\"]}]},{\"@type\":\"ImageObject\",\"inLanguage\":\"pt-BR\",\"@id\":\"https:\\\/\\\/suelenflores.com.br\\\/?page_id=56#primaryimage\",\"url\":\"https:\\\/\\\/i0.wp.com\\\/suelenflores.com.br\\\/wp-content\\\/uploads\\\/2020\\\/09\\\/mosaico-1.png?fit=1000%2C1000&ssl=1\",\"contentUrl\":\"https:\\\/\\\/i0.wp.com\\\/suelenflores.com.br\\\/wp-content\\\/uploads\\\/2020\\\/09\\\/mosaico-1.png?fit=1000%2C1000&ssl=1\",\"width\":1000,\"height\":1000},{\"@type\":\"BreadcrumbList\",\"@id\":\"https:\\\/\\\/suelenflores.com.br\\\/?page_id=56#breadcrumb\",\"itemListElement\":[{\"@type\":\"ListItem\",\"position\":1,\"name\":\"In\u00edcio\",\"item\":\"http:\\\/\\\/suelenflores.com.br\\\/\"},{\"@type\":\"ListItem\",\"position\":2,\"name\":\"Minha hist\u00f3ria\"}]},{\"@type\":\"WebSite\",\"@id\":\"http:\\\/\\\/suelenflores.com.br\\\/#website\",\"url\":\"http:\\\/\\\/suelenflores.com.br\\\/\",\"name\":\"P\u00e1gina Inicial\",\"description\":\"Suelen Flores\\\/Coaching de Vida e Neg\u00f3cios\",\"publisher\":{\"@id\":\"http:\\\/\\\/suelenflores.com.br\\\/#\\\/schema\\\/person\\\/d251d5c5f7df00b074a25e58f55ca8a1\"},\"potentialAction\":[{\"@type\":\"SearchAction\",\"target\":{\"@type\":\"EntryPoint\",\"urlTemplate\":\"http:\\\/\\\/suelenflores.com.br\\\/?s={search_term_string}\"},\"query-input\":{\"@type\":\"PropertyValueSpecification\",\"valueRequired\":true,\"valueName\":\"search_term_string\"}}],\"inLanguage\":\"pt-BR\"},{\"@type\":[\"Person\",\"Organization\"],\"@id\":\"http:\\\/\\\/suelenflores.com.br\\\/#\\\/schema\\\/person\\\/d251d5c5f7df00b074a25e58f55ca8a1\",\"name\":\"Suelen Flores\",\"image\":{\"@type\":\"ImageObject\",\"inLanguage\":\"pt-BR\",\"@id\":\"https:\\\/\\\/secure.gravatar.com\\\/avatar\\\/153404a21ebcfb660460f164cef312d7cb571986c8b9fd28b4a04d8eaac41f58?s=96&d=mm&r=g\",\"url\":\"https:\\\/\\\/secure.gravatar.com\\\/avatar\\\/153404a21ebcfb660460f164cef312d7cb571986c8b9fd28b4a04d8eaac41f58?s=96&d=mm&r=g\",\"contentUrl\":\"https:\\\/\\\/secure.gravatar.com\\\/avatar\\\/153404a21ebcfb660460f164cef312d7cb571986c8b9fd28b4a04d8eaac41f58?s=96&d=mm&r=g\",\"caption\":\"Suelen Flores\"},\"logo\":{\"@id\":\"https:\\\/\\\/secure.gravatar.com\\\/avatar\\\/153404a21ebcfb660460f164cef312d7cb571986c8b9fd28b4a04d8eaac41f58?s=96&d=mm&r=g\"},\"sameAs\":[\"http:\\\/\\\/suelenflores.com.br\"]}]}<\/script>\n<!-- \/ Yoast SEO plugin. -->","yoast_head_json":{"title":"Minha hist\u00f3ria &#8902; P\u00e1gina Inicial","robots":{"index":"index","follow":"follow","max-snippet":"max-snippet:-1","max-image-preview":"max-image-preview:large","max-video-preview":"max-video-preview:-1"},"canonical":"https:\/\/suelenflores.com.br\/?page_id=56","og_locale":"pt_BR","og_type":"article","og_title":"Minha hist\u00f3ria &#8902; P\u00e1gina Inicial","og_description":"Desde os dez anos de idade fui apaixonada pelo esporte. Com esta idade j\u00e1 estava na escolinha de voleibol e, por volta dos 12 anos comecei a praticar t\u00eanis, durante toda a minha inf\u00e2ncia e juventude fui atleta de voleibol e t\u00eanis. Esta trajet\u00f3ria me levou a forma\u00e7\u00e3o inicial em Educa\u00e7\u00e3o F\u00edsica, onde descobri o &hellip; + Read More","og_url":"https:\/\/suelenflores.com.br\/?page_id=56","og_site_name":"P\u00e1gina Inicial","article_modified_time":"2020-09-09T12:51:36+00:00","og_image":[{"url":"http:\/\/suelenflores.com.br\/wp-content\/uploads\/2020\/09\/mosaico-1.png","type":"","width":"","height":""}],"twitter_card":"summary_large_image","twitter_misc":{"Est. tempo de leitura":"2 minutos"},"schema":{"@context":"https:\/\/schema.org","@graph":[{"@type":"WebPage","@id":"https:\/\/suelenflores.com.br\/?page_id=56","url":"https:\/\/suelenflores.com.br\/?page_id=56","name":"Minha hist\u00f3ria &#8902; P\u00e1gina Inicial","isPartOf":{"@id":"http:\/\/suelenflores.com.br\/#website"},"primaryImageOfPage":{"@id":"https:\/\/suelenflores.com.br\/?page_id=56#primaryimage"},"image":{"@id":"https:\/\/suelenflores.com.br\/?page_id=56#primaryimage"},"thumbnailUrl":"http:\/\/suelenflores.com.br\/wp-content\/uploads\/2020\/09\/mosaico-1.png","datePublished":"2020-09-08T11:10:45+00:00","dateModified":"2020-09-09T12:51:36+00:00","breadcrumb":{"@id":"https:\/\/suelenflores.com.br\/?page_id=56#breadcrumb"},"inLanguage":"pt-BR","potentialAction":[{"@type":"ReadAction","target":["https:\/\/suelenflores.com.br\/?page_id=56"]}]},{"@type":"ImageObject","inLanguage":"pt-BR","@id":"https:\/\/suelenflores.com.br\/?page_id=56#primaryimage","url":"https:\/\/i0.wp.com\/suelenflores.com.br\/wp-content\/uploads\/2020\/09\/mosaico-1.png?fit=1000%2C1000&ssl=1","contentUrl":"https:\/\/i0.wp.com\/suelenflores.com.br\/wp-content\/uploads\/2020\/09\/mosaico-1.png?fit=1000%2C1000&ssl=1","width":1000,"height":1000},{"@type":"BreadcrumbList","@id":"https:\/\/suelenflores.com.br\/?page_id=56#breadcrumb","itemListElement":[{"@type":"ListItem","position":1,"name":"In\u00edcio","item":"http:\/\/suelenflores.com.br\/"},{"@type":"ListItem","position":2,"name":"Minha hist\u00f3ria"}]},{"@type":"WebSite","@id":"http:\/\/suelenflores.com.br\/#website","url":"http:\/\/suelenflores.com.br\/","name":"P\u00e1gina Inicial","description":"Suelen Flores\/Coaching de Vida e Neg\u00f3cios","publisher":{"@id":"http:\/\/suelenflores.com.br\/#\/schema\/person\/d251d5c5f7df00b074a25e58f55ca8a1"},"potentialAction":[{"@type":"SearchAction","target":{"@type":"EntryPoint","urlTemplate":"http:\/\/suelenflores.com.br\/?s={search_term_string}"},"query-input":{"@type":"PropertyValueSpecification","valueRequired":true,"valueName":"search_term_string"}}],"inLanguage":"pt-BR"},{"@type":["Person","Organization"],"@id":"http:\/\/suelenflores.com.br\/#\/schema\/person\/d251d5c5f7df00b074a25e58f55ca8a1","name":"Suelen Flores","image":{"@type":"ImageObject","inLanguage":"pt-BR","@id":"https:\/\/secure.gravatar.com\/avatar\/153404a21ebcfb660460f164cef312d7cb571986c8b9fd28b4a04d8eaac41f58?s=96&d=mm&r=g","url":"https:\/\/secure.gravatar.com\/avatar\/153404a21ebcfb660460f164cef312d7cb571986c8b9fd28b4a04d8eaac41f58?s=96&d=mm&r=g","contentUrl":"https:\/\/secure.gravatar.com\/avatar\/153404a21ebcfb660460f164cef312d7cb571986c8b9fd28b4a04d8eaac41f58?s=96&d=mm&r=g","caption":"Suelen Flores"},"logo":{"@id":"https:\/\/secure.gravatar.com\/avatar\/153404a21ebcfb660460f164cef312d7cb571986c8b9fd28b4a04d8eaac41f58?s=96&d=mm&r=g"},"sameAs":["http:\/\/suelenflores.com.br"]}]}},"jetpack_sharing_enabled":true,"_links":{"self":[{"href":"https:\/\/suelenflores.com.br\/index.php?rest_route=\/wp\/v2\/pages\/56","targetHints":{"allow":["GET"]}}],"collection":[{"href":"https:\/\/suelenflores.com.br\/index.php?rest_route=\/wp\/v2\/pages"}],"about":[{"href":"https:\/\/suelenflores.com.br\/index.php?rest_route=\/wp\/v2\/types\/page"}],"author":[{"embeddable":true,"href":"https:\/\/suelenflores.com.br\/index.php?rest_route=\/wp\/v2\/users\/1"}],"replies":[{"embeddable":true,"href":"https:\/\/suelenflores.com.br\/index.php?rest_route=%2Fwp%2Fv2%2Fcomments&post=56"}],"version-history":[{"count":9,"href":"https:\/\/suelenflores.com.br\/index.php?rest_route=\/wp\/v2\/pages\/56\/revisions"}],"predecessor-version":[{"id":119,"href":"https:\/\/suelenflores.com.br\/index.php?rest_route=\/wp\/v2\/pages\/56\/revisions\/119"}],"wp:attachment":[{"href":"https:\/\/suelenflores.com.br\/index.php?rest_route=%2Fwp%2Fv2%2Fmedia&parent=56"}],"curies":[{"name":"wp","href":"https:\/\/api.w.org\/{rel}","templated":true}]}}